{"id":3159,"date":"2025-01-07T20:30:50","date_gmt":"2025-01-07T20:30:50","guid":{"rendered":"https:\/\/aebaescalada.org\/?post_type=product&#038;p=3159"},"modified":"2026-04-02T00:01:39","modified_gmt":"2026-04-02T00:01:39","slug":"afiliacion-2026-para-socios-nuevos-o-socios-inactivos-en-2025","status":"publish","type":"product","link":"https:\/\/aebaescalada.org\/?product=afiliacion-2026-para-socios-nuevos-o-socios-inactivos-en-2025","title":{"rendered":"AFILIACION 2026 (para socios nuevos \u00f3 socios inactivos en 2025)"},"content":{"rendered":"<p>\u00bfAm\u00e1s la escalada y quer\u00e9s ser parte de una comunidad que hace crecer el deporte en nuestra ciudad? \u00a1Afiliate a <strong>AEBA<\/strong>, la Asociaci\u00f3n de Escalada de Buenos Aires! Al ser miembro, estar\u00e1s apoyando el desarrollo de la escalada como disciplina deportiva, contribuyendo al mantenimiento de espacios de escalada y fomentando nuevas iniciativas. Adem\u00e1s, disfrutar\u00e1s de <strong>descuentos exclusivos en eventos, competencias y actividades<\/strong>, acceso a capacitaciones, y la satisfacci\u00f3n de formar parte de un grupo que comparte tu pasi\u00f3n por la monta\u00f1a y el deporte.<\/p>\n<p>\u00a1Unite hoy y escalemos juntos hacia un futuro mejor para la escalada en Buenos Aires! \ud83e\uddd7\u200d\u2640\ufe0f\ud83e\uddd7\u200d\u2642\ufe0f<\/p>\n<p><strong>COMPLETAR EL FORMULARIO<\/strong><\/p>\n","protected":false},"excerpt":{"rendered":"<p>\u00bfAm\u00e1s la escalada y quer\u00e9s ser parte de una comunidad que hace crecer el deporte en nuestra ciudad? \u00a1Afiliate a <strong>AEBA<\/strong>, la Asociaci\u00f3n de Escalada de Buenos Aires! Al ser miembro, estar\u00e1s apoyando el desarrollo de la escalada como disciplina deportiva, contribuyendo al mantenimiento de espacios de escalada y fomentando nuevas iniciativas. Adem\u00e1s, disfrutar\u00e1s de <strong>descuentos exclusivos en eventos, competencias y actividades<\/strong>, acceso a capacitaciones, y la satisfacci\u00f3n de formar parte de un grupo que comparte tu pasi\u00f3n por la monta\u00f1a y el deporte.<\/p>\n<p>\u00a1Unite hoy y escalemos juntos hacia un futuro mejor para la escalada en Buenos Aires! \ud83e\uddd7\u200d\u2640\ufe0f\ud83e\uddd7\u200d\u2642\ufe0f<\/p>\n<p><strong>COMPLETAR EL FORMULARIO<\/strong><\/p>\n","protected":false},"featured_media":1875,"template":"","meta":{"ngg_post_thumbnail":0},"product_brand":[],"product_cat":[59],"product_tag":[],"class_list":{"0":"post-3159","1":"product","2":"type-product","3":"status-publish","4":"has-post-thumbnail","6":"product_cat-afiliacion-aeba","8":"entry","9":"has-media","11":"first","12":"instock","13":"shipping-taxable","14":"purchasable","15":"product-type-simple","16":"has-product-nav","17":"col","18":"span_1_of_3","19":"owp-content-center","20":"owp-thumbs-layout-horizontal","21":"owp-btn-normal","22":"owp-tabs-layout-horizontal","23":"has-no-thumbnails"},"_links":{"self":[{"href":"https:\/\/aebaescalada.org\/index.php?rest_route=\/wp\/v2\/product\/3159","targetHints":{"allow":["GET"]}}],"collection":[{"href":"https:\/\/aebaescalada.org\/index.php?rest_route=\/wp\/v2\/product"}],"about":[{"href":"https:\/\/aebaescalada.org\/index.php?rest_route=\/wp\/v2\/types\/product"}],"wp:featuredmedia":[{"embeddable":true,"href":"https:\/\/aebaescalada.org\/index.php?rest_route=\/wp\/v2\/media\/1875"}],"wp:attachment":[{"href":"https:\/\/aebaescalada.org\/index.php?rest_route=%2Fwp%2Fv2%2Fmedia&parent=3159"}],"wp:term":[{"taxonomy":"product_brand","embeddable":true,"href":"https:\/\/aebaescalada.org\/index.php?rest_route=%2Fwp%2Fv2%2Fproduct_brand&post=3159"},{"taxonomy":"product_cat","embeddable":true,"href":"https:\/\/aebaescalada.org\/index.php?rest_route=%2Fwp%2Fv2%2Fproduct_cat&post=3159"},{"taxonomy":"product_tag","embeddable":true,"href":"https:\/\/aebaescalada.org\/index.php?rest_route=%2Fwp%2Fv2%2Fproduct_tag&post=3159"}],"curies":[{"name":"wp","href":"https:\/\/api.w.org\/{rel}","templated":true}]}}