{"id":2811,"date":"2024-04-18T01:55:39","date_gmt":"2024-04-18T01:55:39","guid":{"rendered":"https:\/\/aebaescalada.org\/?post_type=product&#038;p=2811"},"modified":"2026-05-12T18:01:08","modified_gmt":"2026-05-12T18:01:08","slug":"cuota-no-1","status":"publish","type":"product","link":"https:\/\/aebaescalada.org\/?product=cuota-no-1","title":{"rendered":"Cuota No. 1\/3"},"content":{"rendered":"<p>Hola socios aeba les recordamos que la matricula es anual, esto quiere decir que no importa el mes en el cual se abone solo cubre el a\u00f1o en curso.<\/p>\n<p>En consideraci\u00f3n de la situaci\u00f3n econ\u00f3mica del pa\u00eds, ofrecemos la posibilidad de renovar 2026 en tres cuotas, y aprovechar los beneficios y descuentos de nuestra asociaci\u00f3n. La 1er cuota tiene que ser antes de la 1era fecha del circuito en el Muro de Ramos&nbsp; y la segunda cuota previa a la segunda fecha en Rustik.<\/p>\n","protected":false},"excerpt":{"rendered":"<p>Hola socios aeba les recordamos que la matricula es anual, esto quiere decir que no importa el mes en el cual se abone solo cubre el a\u00f1o en curso.<\/p>\n<p>En consideraci\u00f3n de la situaci\u00f3n econ\u00f3mica del pa\u00eds, ofrecemos la posibilidad de renovar 2026 en tres cuotas, y aprovechar los beneficios y descuentos de nuestra asociaci\u00f3n. La 1er cuota tiene que ser antes de la 1era fecha del circuito en el Muro de Ramos&nbsp; y la segunda cuota previa a la segunda fecha en Rustik.<\/p>\n","protected":false},"featured_media":3764,"template":"","meta":{"ngg_post_thumbnail":0},"product_brand":[],"product_cat":[59],"product_tag":[],"class_list":{"0":"post-2811","1":"product","2":"type-product","3":"status-publish","4":"has-post-thumbnail","6":"product_cat-afiliacion-aeba","8":"entry","9":"has-media","11":"first","12":"instock","13":"virtual","14":"purchasable","15":"product-type-simple","16":"has-product-nav","17":"col","18":"span_1_of_3","19":"owp-content-center","20":"owp-thumbs-layout-horizontal","21":"owp-btn-normal","22":"owp-tabs-layout-horizontal","23":"has-no-thumbnails"},"_links":{"self":[{"href":"https:\/\/aebaescalada.org\/index.php?rest_route=\/wp\/v2\/product\/2811","targetHints":{"allow":["GET"]}}],"collection":[{"href":"https:\/\/aebaescalada.org\/index.php?rest_route=\/wp\/v2\/product"}],"about":[{"href":"https:\/\/aebaescalada.org\/index.php?rest_route=\/wp\/v2\/types\/product"}],"wp:featuredmedia":[{"embeddable":true,"href":"https:\/\/aebaescalada.org\/index.php?rest_route=\/wp\/v2\/media\/3764"}],"wp:attachment":[{"href":"https:\/\/aebaescalada.org\/index.php?rest_route=%2Fwp%2Fv2%2Fmedia&parent=2811"}],"wp:term":[{"taxonomy":"product_brand","embeddable":true,"href":"https:\/\/aebaescalada.org\/index.php?rest_route=%2Fwp%2Fv2%2Fproduct_brand&post=2811"},{"taxonomy":"product_cat","embeddable":true,"href":"https:\/\/aebaescalada.org\/index.php?rest_route=%2Fwp%2Fv2%2Fproduct_cat&post=2811"},{"taxonomy":"product_tag","embeddable":true,"href":"https:\/\/aebaescalada.org\/index.php?rest_route=%2Fwp%2Fv2%2Fproduct_tag&post=2811"}],"curies":[{"name":"wp","href":"https:\/\/api.w.org\/{rel}","templated":true}]}}